{"id":1618,"date":"2023-08-16T18:46:27","date_gmt":"2023-08-16T16:46:27","guid":{"rendered":"https:\/\/www.ises.pwr.edu.pl\/?page_id=1618"},"modified":"2025-09-17T09:19:03","modified_gmt":"2025-09-17T07:19:03","slug":"miejsce","status":"publish","type":"page","link":"https:\/\/www.ises.pwr.edu.pl\/index.php\/miejsce\/","title":{"rendered":"Miejsce"},"content":{"rendered":"\n<p>Konferencja odbywa si\u0119 w Hotelu Q HOTEL PLUS WROC\u0141AW****<br>UL, ZAOLZIA\u0143SKA 2, 53-334 WROC\u0141AW<br>www.qhotels.pl<\/p>\n\n\n\n<iframe src=\"https:\/\/www.google.com\/maps\/embed?pb=!1m18!1m12!1m3!1d1928.8474183212911!2d17.025181768689446!3d51.09722584005608!2m3!1f0!2f0!3f0!3m2!1i1024!2i768!4f13.1!3m3!1m2!1s0x470fc26c0a4226cb%3A0xb5776d708dc53934!2sQ%20Hotel%20Plus%20Wroc%C5%82aw!5e1!3m2!1spl!2spl!4v1757571416445!5m2!1spl!2spl\" width=\"600\" height=\"450\" style=\"border:0;\" allowfullscreen=\"\" loading=\"lazy\" referrerpolicy=\"no-referrer-when-downgrade\"><\/iframe>\n\n\n\n<p>Szanowni Pa\u0144stwo,<\/p>\n\n\n\n<p>Hotel, w kt\u00f3rym b\u0119dzie mai\u0142a miejsce Konferencja, zaproponowa\u0142 dla Uczestnik\u00f3w Konferencji nast\u0119puj\u0105ce ceny nocleg\u00f3w:<\/p>\n\n\n\n<ul class=\"wp-block-list\">\n<li>w terminie 07-09.12.2025 (niedziela-wtorek) w cenie 380,00 z\u0142 brutto za pok\u00f3j jednoosobowy ze \u015bniadaniem (480,00 z\u0142 brutto za pok\u00f3j dwuosobowy)\u00a0<\/li>\n\n\n\n<li>terminie 06-07.12.2025 (weekend jarmarkowy- gdyby Uczestnicy chcieli przyjecha\u0107 wcze\u015bniej) w cenie 650,00 z\u0142 brutto za pok\u00f3j jednoosobowy ze \u015bniadaniem (750,00 z\u0142 brutto za pok\u00f3j dwuosobowy)<\/li>\n<\/ul>\n\n\n\n<p>Podczas rezerwacji prosz\u0119 poda\u0107 has\u0142o: ICTM 2025.<\/p>\n","protected":false},"excerpt":{"rendered":"<p>Konferencja odbywa si\u0119 w Hotelu Q HOTEL PLUS WROC\u0141AW****UL, ZAOLZIA\u0143SKA 2, 53-334 WROC\u0141AWwww.qhotels.pl Szanowni Pa\u0144stwo, Hotel, w kt\u00f3rym b\u0119dzie mai\u0142a miejsce Konferencja, zaproponowa\u0142 dla Uczestnik\u00f3w Konferencji nast\u0119puj\u0105ce ceny nocleg\u00f3w: Podczas rezerwacji prosz\u0119 poda\u0107 has\u0142o: ICTM 2025.<\/p>\n","protected":false},"author":1,"featured_media":0,"parent":0,"menu_order":0,"comment_status":"closed","ping_status":"closed","template":"","meta":{"footnotes":""},"class_list":["post-1618","page","type-page","status-publish","hentry"],"_links":{"self":[{"href":"https:\/\/www.ises.pwr.edu.pl\/index.php\/wp-json\/wp\/v2\/pages\/1618","targetHints":{"allow":["GET"]}}],"collection":[{"href":"https:\/\/www.ises.pwr.edu.pl\/index.php\/wp-json\/wp\/v2\/pages"}],"about":[{"href":"https:\/\/www.ises.pwr.edu.pl\/index.php\/wp-json\/wp\/v2\/types\/page"}],"author":[{"embeddable":true,"href":"https:\/\/www.ises.pwr.edu.pl\/index.php\/wp-json\/wp\/v2\/users\/1"}],"replies":[{"embeddable":true,"href":"https:\/\/www.ises.pwr.edu.pl\/index.php\/wp-json\/wp\/v2\/comments?post=1618"}],"version-history":[{"count":12,"href":"https:\/\/www.ises.pwr.edu.pl\/index.php\/wp-json\/wp\/v2\/pages\/1618\/revisions"}],"predecessor-version":[{"id":2388,"href":"https:\/\/www.ises.pwr.edu.pl\/index.php\/wp-json\/wp\/v2\/pages\/1618\/revisions\/2388"}],"wp:attachment":[{"href":"https:\/\/www.ises.pwr.edu.pl\/index.php\/wp-json\/wp\/v2\/media?parent=1618"}],"curies":[{"name":"wp","href":"https:\/\/api.w.org\/{rel}","templated":true}]}}