{"id":1633,"date":"2023-08-16T19:05:36","date_gmt":"2023-08-16T17:05:36","guid":{"rendered":"https:\/\/www.ises.pwr.edu.pl\/?page_id=1633"},"modified":"2025-11-07T12:52:08","modified_gmt":"2025-11-07T11:52:08","slug":"oplaty-i-terminy","status":"publish","type":"page","link":"https:\/\/www.ises.pwr.edu.pl\/index.php\/oplaty-i-terminy\/","title":{"rendered":"Op\u0142aty i terminy"},"content":{"rendered":"\n<p><strong style=\"color:#fd367e\">OP\u0141ATY<\/strong><\/p>\n\n\n\n<p>Op\u0142ata konferencyjna: 290 EUR<\/p>\n\n\n\n<p>Udzia\u0142 on-line: 65 EUR<\/p>\n\n\n\n<p>Doktoranci: 65 EUR \u2013 udzia\u0142 osobisty lub on-line<\/p>\n\n\n\n<p>SWIFT <strong>WBKPPLPPXXX<br><\/strong>IBAN<strong> PL&nbsp;&nbsp;91 1090 2402 0000 0006 1000 0626<\/strong><\/p>\n\n\n\n<p>Pe\u0142ne dane odbiorcy:<\/p>\n\n\n\n<p>POLITECHNIKA WROC\u0141AWSKA<br>Wybrze\u017ce Stanis\u0142awa Wyspia\u0144skiego 27<br>50-370 Wroc\u0142aw<\/p>\n\n\n\n<p>NIP: 896-000-58-51<\/p>\n\n\n\n<p>Zg\u0142oszenie powinno dotyczy\u0107 firmy\/uczelni\/organizacji poniewa\u017c PWr nie obs\u0142uguje fakturowo os\u00f3b fizycznych<\/p>\n\n\n\n<p>W tytule przelewu prosz\u0119 doda\u0107: ICTM2025 oraz imi\u0119 i nazwisko uczestnika konferencji                                    (ICTM 2025 Jan Kowalski)<\/p>\n\n\n\n<p>Op\u0142ata konferencyjna obejmuje:<br>\u2013 publikacj\u0119 elektroniczn\u0105 w ICTM Abstract Proceedings,<br>\u2013 udzia\u0142 we wszystkich sesjach ICTM,<br>\u2013 uroczyst\u0105 kolacj\u0119 pierwszego dnia konferencji,<br>\u2013 przerwy kawowe w obu dniach konferencji,<br>\u2013 dwa lunche w trakcie obu dni konferencji.<\/p>\n\n\n\n<p><strong style=\"color:#fd367e\">WA\u017bNE TERMINY<\/strong><\/p>\n\n\n\n<p>Termin nadsy\u0142ania abstrakt\u00f3w: do 20 listopada 2025 r.<\/p>\n\n\n\n<p>Powiadomienie o akceptacji abstrakt\u00f3w: do 30 listopada 2025 r.<\/p>\n\n\n\n<p>Termin nadsy\u0142ania pe\u0142nych artyku\u0142\u00f3w: do 31 stycznia 2026 r.<\/p>\n\n\n\n<p>Powiadomienie o akceptacji artyku\u0142\u00f3w: do 28 lutego 2026 r.<\/p>\n\n\n\n<p>Otwarcie rejestracji: 15 wrze\u015bnia 2025 r.<\/p>\n\n\n\n<p>Zamkni\u0119cie rejestracji: 15 listopada 2025 r.<\/p>\n\n\n\n<p>Termin dokonania op\u0142aty: do 15 listopada 2025 r.<\/p>\n\n\n\n<p><\/p>\n","protected":false},"excerpt":{"rendered":"<p>OP\u0141ATY Op\u0142ata konferencyjna: 290 EUR Udzia\u0142 on-line: 65 EUR Doktoranci: 65 EUR \u2013 udzia\u0142 osobisty lub on-line SWIFT WBKPPLPPXXXIBAN PL&nbsp;&nbsp;91 1090 2402 0000 0006 1000 0626 Pe\u0142ne dane odbiorcy: POLITECHNIKA WROC\u0141AWSKAWybrze\u017ce Stanis\u0142awa Wyspia\u0144skiego 2750-370 Wroc\u0142aw NIP: 896-000-58-51 Zg\u0142oszenie powinno dotyczy\u0107 firmy\/uczelni\/organizacji poniewa\u017c PWr nie obs\u0142uguje fakturowo os\u00f3b fizycznych W tytule przelewu prosz\u0119 doda\u0107: ICTM2025 oraz [&hellip;]<\/p>\n","protected":false},"author":1,"featured_media":0,"parent":0,"menu_order":0,"comment_status":"closed","ping_status":"closed","template":"","meta":{"footnotes":""},"class_list":["post-1633","page","type-page","status-publish","hentry"],"_links":{"self":[{"href":"https:\/\/www.ises.pwr.edu.pl\/index.php\/wp-json\/wp\/v2\/pages\/1633","targetHints":{"allow":["GET"]}}],"collection":[{"href":"https:\/\/www.ises.pwr.edu.pl\/index.php\/wp-json\/wp\/v2\/pages"}],"about":[{"href":"https:\/\/www.ises.pwr.edu.pl\/index.php\/wp-json\/wp\/v2\/types\/page"}],"author":[{"embeddable":true,"href":"https:\/\/www.ises.pwr.edu.pl\/index.php\/wp-json\/wp\/v2\/users\/1"}],"replies":[{"embeddable":true,"href":"https:\/\/www.ises.pwr.edu.pl\/index.php\/wp-json\/wp\/v2\/comments?post=1633"}],"version-history":[{"count":21,"href":"https:\/\/www.ises.pwr.edu.pl\/index.php\/wp-json\/wp\/v2\/pages\/1633\/revisions"}],"predecessor-version":[{"id":2551,"href":"https:\/\/www.ises.pwr.edu.pl\/index.php\/wp-json\/wp\/v2\/pages\/1633\/revisions\/2551"}],"wp:attachment":[{"href":"https:\/\/www.ises.pwr.edu.pl\/index.php\/wp-json\/wp\/v2\/media?parent=1633"}],"curies":[{"name":"wp","href":"https:\/\/api.w.org\/{rel}","templated":true}]}}