{"id":1639,"date":"2023-08-16T19:08:43","date_gmt":"2023-08-16T17:08:43","guid":{"rendered":"https:\/\/www.ises.pwr.edu.pl\/?page_id=1639"},"modified":"2025-11-07T12:51:49","modified_gmt":"2025-11-07T11:51:49","slug":"fees","status":"publish","type":"page","link":"https:\/\/www.ises.pwr.edu.pl\/index.php\/en\/fees\/","title":{"rendered":"Fees &amp; Dates"},"content":{"rendered":"\n<p><strong style=\"color:#fd367e\">IMPORTANT DATES<\/strong><\/p>\n\n\n\n<p>Submission of abstracts till 20th November 2025<\/p>\n\n\n\n<p>Notification of abstracts acceptance till 30th November 2025<\/p>\n\n\n\n<p>Submission of full papers till 31st January 2026<\/p>\n\n\n\n<p>Notification of papers acceptance by 28th February 2026<\/p>\n\n\n\n<p>Registration opens 15th September, 2025<\/p>\n\n\n\n<p>Registration closes 25th November, 2025<\/p>\n\n\n\n<p>Payment closes by 25th November, 2025<\/p>\n\n\n\n<p><strong style=\"color:#fd367e\">FEES<\/strong><\/p>\n\n\n\n<p>Conference fee: 290 EUR<br>On-line attendance: 65 EUR<br>PhD Students: 65 EUR \u2013 personally or on-line<\/p>\n\n\n\n<p>SWIFT <strong>WBKPPLPPXXX<br><\/strong>IBAN<strong> PL&nbsp;&nbsp;91 1090 2402 0000 0006 1000 0626<\/strong><\/p>\n\n\n\n<p>Recipient<\/p>\n\n\n\n<p>POLITECHNIKA WROC\u0141AWSKA<br>Wybrze\u017ce Stanis\u0142awa Wyspia\u0144skiego 27<br>50-370 Wroc\u0142aw<\/p>\n\n\n\n<p>NIP (Tax number): 896-000-58-51<\/p>\n\n\n\n<p>The application should concern a company\/university\/organization because Wroc\u0142aw University of Science and Technology does not provide invoice services to natural persons.<\/p>\n\n\n\n<p>Please add a note in the transfer title: ICTM2025 and, name and surname of the conference participant (ICTM2025 John Smith)<\/p>\n\n\n\n<p><\/p>\n\n\n\n<p>The Conference fee includes:<br>&#8211; publication online of ICTM Abstract Proceedings<br>&#8211; participation in all ICTM sessions,<br>&#8211; Gala Dinner in first day of Conference,<br>&#8211; Coffee brakes &#8211; both days of conference,<br>&#8211; 2 lunches \u2013 both days of conference.<\/p>\n\n\n\n<p><\/p>\n\n\n\n<p><\/p>\n","protected":false},"excerpt":{"rendered":"<p>IMPORTANT DATES Submission of abstracts till 20th November 2025 Notification of abstracts acceptance till 30th November 2025 Submission of full papers till 31st January 2026 Notification of papers acceptance by 28th February 2026 Registration opens 15th September, 2025 Registration closes 25th November, 2025 Payment closes by 25th November, 2025 FEES Conference fee: 290 EUROn-line attendance: [&hellip;]<\/p>\n","protected":false},"author":1,"featured_media":0,"parent":0,"menu_order":0,"comment_status":"closed","ping_status":"closed","template":"","meta":{"footnotes":""},"class_list":["post-1639","page","type-page","status-publish","hentry"],"_links":{"self":[{"href":"https:\/\/www.ises.pwr.edu.pl\/index.php\/wp-json\/wp\/v2\/pages\/1639","targetHints":{"allow":["GET"]}}],"collection":[{"href":"https:\/\/www.ises.pwr.edu.pl\/index.php\/wp-json\/wp\/v2\/pages"}],"about":[{"href":"https:\/\/www.ises.pwr.edu.pl\/index.php\/wp-json\/wp\/v2\/types\/page"}],"author":[{"embeddable":true,"href":"https:\/\/www.ises.pwr.edu.pl\/index.php\/wp-json\/wp\/v2\/users\/1"}],"replies":[{"embeddable":true,"href":"https:\/\/www.ises.pwr.edu.pl\/index.php\/wp-json\/wp\/v2\/comments?post=1639"}],"version-history":[{"count":25,"href":"https:\/\/www.ises.pwr.edu.pl\/index.php\/wp-json\/wp\/v2\/pages\/1639\/revisions"}],"predecessor-version":[{"id":2550,"href":"https:\/\/www.ises.pwr.edu.pl\/index.php\/wp-json\/wp\/v2\/pages\/1639\/revisions\/2550"}],"wp:attachment":[{"href":"https:\/\/www.ises.pwr.edu.pl\/index.php\/wp-json\/wp\/v2\/media?parent=1639"}],"curies":[{"name":"wp","href":"https:\/\/api.w.org\/{rel}","templated":true}]}}