{"id":2534,"date":"2025-11-06T11:56:10","date_gmt":"2025-11-06T10:56:10","guid":{"rendered":"https:\/\/www.ises.pwr.edu.pl\/?page_id=2534"},"modified":"2025-11-09T09:22:46","modified_gmt":"2025-11-09T08:22:46","slug":"submission","status":"publish","type":"page","link":"https:\/\/www.ises.pwr.edu.pl\/index.php\/submission\/","title":{"rendered":"Przesy\u0142anie artyku\u0142\u00f3w"},"content":{"rendered":"\n<p>Prosz\u0119 najpierw zarejestrowa\u0107 si\u0119 na konferencj\u0119.<\/p>\n\n\n\n<p>Termin nadsy\u0142ania abstrakt\u00f3w: do 20 listopada 2025 r.<\/p>\n\n\n\n<p>Termin nadsy\u0142ania pe\u0142nych artyku\u0142\u00f3w: do 31 stycznia 2026 r.<\/p>\n\n\n\n<p>Zg\u0142oszenia przez EasyChair: <a href=\"https:\/\/easychair.org\/conferences\/?conf=ictm2025\">https:\/\/easychair.org\/conferences\/?conf=ictm2025<\/a><\/p>\n\n\n\n<p><\/p>\n","protected":false},"excerpt":{"rendered":"<p>Prosz\u0119 najpierw zarejestrowa\u0107 si\u0119 na konferencj\u0119. Termin nadsy\u0142ania abstrakt\u00f3w: do 20 listopada 2025 r. Termin nadsy\u0142ania pe\u0142nych artyku\u0142\u00f3w: do 31 stycznia 2026 r. Zg\u0142oszenia przez EasyChair: https:\/\/easychair.org\/conferences\/?conf=ictm2025<\/p>\n","protected":false},"author":1,"featured_media":0,"parent":0,"menu_order":0,"comment_status":"closed","ping_status":"closed","template":"","meta":{"footnotes":""},"class_list":["post-2534","page","type-page","status-publish","hentry"],"_links":{"self":[{"href":"https:\/\/www.ises.pwr.edu.pl\/index.php\/wp-json\/wp\/v2\/pages\/2534","targetHints":{"allow":["GET"]}}],"collection":[{"href":"https:\/\/www.ises.pwr.edu.pl\/index.php\/wp-json\/wp\/v2\/pages"}],"about":[{"href":"https:\/\/www.ises.pwr.edu.pl\/index.php\/wp-json\/wp\/v2\/types\/page"}],"author":[{"embeddable":true,"href":"https:\/\/www.ises.pwr.edu.pl\/index.php\/wp-json\/wp\/v2\/users\/1"}],"replies":[{"embeddable":true,"href":"https:\/\/www.ises.pwr.edu.pl\/index.php\/wp-json\/wp\/v2\/comments?post=2534"}],"version-history":[{"count":5,"href":"https:\/\/www.ises.pwr.edu.pl\/index.php\/wp-json\/wp\/v2\/pages\/2534\/revisions"}],"predecessor-version":[{"id":2557,"href":"https:\/\/www.ises.pwr.edu.pl\/index.php\/wp-json\/wp\/v2\/pages\/2534\/revisions\/2557"}],"wp:attachment":[{"href":"https:\/\/www.ises.pwr.edu.pl\/index.php\/wp-json\/wp\/v2\/media?parent=2534"}],"curies":[{"name":"wp","href":"https:\/\/api.w.org\/{rel}","templated":true}]}}