{"id":320,"date":"2018-03-20T19:54:14","date_gmt":"2018-03-20T18:54:14","guid":{"rendered":"http:\/\/www.ises.pwr.edu.pl\/?page_id=320"},"modified":"2025-12-07T11:07:56","modified_gmt":"2025-12-07T10:07:56","slug":"lokalizacja","status":"publish","type":"page","link":"https:\/\/www.ises.pwr.edu.pl\/index.php\/lokalizacja\/","title":{"rendered":"Zg\u0142oszenia"},"content":{"rendered":"\n<p>Rejestracja si\u0119 zako\u0144czy\u0142a.<\/p>\n","protected":false},"excerpt":{"rendered":"<p>Rejestracja si\u0119 zako\u0144czy\u0142a.<\/p>\n","protected":false},"author":1,"featured_media":0,"parent":0,"menu_order":0,"comment_status":"closed","ping_status":"closed","template":"","meta":{"footnotes":""},"class_list":["post-320","page","type-page","status-publish","hentry"],"_links":{"self":[{"href":"https:\/\/www.ises.pwr.edu.pl\/index.php\/wp-json\/wp\/v2\/pages\/320","targetHints":{"allow":["GET"]}}],"collection":[{"href":"https:\/\/www.ises.pwr.edu.pl\/index.php\/wp-json\/wp\/v2\/pages"}],"about":[{"href":"https:\/\/www.ises.pwr.edu.pl\/index.php\/wp-json\/wp\/v2\/types\/page"}],"author":[{"embeddable":true,"href":"https:\/\/www.ises.pwr.edu.pl\/index.php\/wp-json\/wp\/v2\/users\/1"}],"replies":[{"embeddable":true,"href":"https:\/\/www.ises.pwr.edu.pl\/index.php\/wp-json\/wp\/v2\/comments?post=320"}],"version-history":[{"count":35,"href":"https:\/\/www.ises.pwr.edu.pl\/index.php\/wp-json\/wp\/v2\/pages\/320\/revisions"}],"predecessor-version":[{"id":2608,"href":"https:\/\/www.ises.pwr.edu.pl\/index.php\/wp-json\/wp\/v2\/pages\/320\/revisions\/2608"}],"wp:attachment":[{"href":"https:\/\/www.ises.pwr.edu.pl\/index.php\/wp-json\/wp\/v2\/media?parent=320"}],"curies":[{"name":"wp","href":"https:\/\/api.w.org\/{rel}","templated":true}]}}