{"id":342,"date":"2018-03-20T20:06:38","date_gmt":"2018-03-20T19:06:38","guid":{"rendered":"http:\/\/www.ises.pwr.edu.pl\/?page_id=342"},"modified":"2025-11-04T13:27:16","modified_gmt":"2025-11-04T12:27:16","slug":"publikacja","status":"publish","type":"page","link":"https:\/\/www.ises.pwr.edu.pl\/index.php\/publikacja\/","title":{"rendered":"Mo\u017cliwo\u015bci publikacyjne"},"content":{"rendered":"\n<p>Materia\u0142y konferencyjne ICTM s\u0105 indeksowane w bazach Web of Science oraz PBN od 2012 roku. Zapraszamy do nadsy\u0142ania prac w dowolnym kierunku mieszcz\u0105cym si\u0119 w spektrum paradygmatu ICTM 2025. Cztery kategorie zg\u0142osze\u0144 to: streszczenia, artyku\u0142y indywidualne, plakaty, e-plakaty.<\/p>\n\n\n\n<p><\/p>\n\n\n\n<p>INSTRUKCJE DLA AUTOR\u00d3W<br>Nadsy\u0142ane artyku\u0142y powinny by\u0107 napisane w j\u0119zyku angielskim. D\u0142ugo\u015b\u0107 streszcze\u0144 nie mo\u017ce przekracza\u0107 300 s\u0142\u00f3w zgodnie z <strong><a href=\"http:\/\/www.ises.pwr.edu.pl\/wp-content\/uploads\/Abstract-template.docx\">szablonem<\/a>,<\/strong> a artyku\u0142y nie mog\u0105 przekracza\u0107 dziesi\u0119ciu stron \u2013 r\u00f3wnie\u017c zgodnie z<strong> <a href=\"http:\/\/www.ises.pwr.edu.pl\/wp-content\/uploads\/ICTM_2025_Paper_Template_2025.09.10.docx\">szablonem<\/a><\/strong>.<\/p>\n\n\n\n<p>PRZES\u0141ANE ARTYKU\u0141U<br>Wszystkie zg\u0142oszenia nale\u017cy przesy\u0142a\u0107 za po\u015brednictwem systemu EasyChair: <a href=\"https:\/\/easychair.org\/conferences?conf=ictm2025\">https:\/\/easychair.org\/conferences?conf=ictm2025<\/a><\/p>\n\n\n\n<p>Oferujemy r\u00f3\u017cnorodne mo\u017cliwo\u015bci publikacji:<\/p>\n\n\n\n<p>1. The International Journal of Pedagogy, Innovation and New Technologies <a href=\"https:\/\/czasopisma.aps.edu.pl\/index.php\/ijpint\">https:\/\/czasopisma.aps.edu.pl\/index.php\/ijpint<\/a><\/p>\n\n\n\n<p>2. Journal of Engineering and Technology Management (Scopus) <a href=\"https:\/\/jet-m.com\/\">https:\/\/jet-m.com\/<\/a><\/p>\n\n\n\n<p>3. Business, Management and Economics Engineering (Scopus) <a href=\"http:\/\/bmee.vilniustech.lt\">http:\/\/bmee.vilniustech.lt<\/a><\/p>\n\n\n\n<p>4. European Journal of Management and Social Science <a href=\"https:\/\/ejmss-journal.com\/index.php\/ejmss\/about\">https:\/\/ejmss-journal.com\/index.php\/ejmss\/about<\/a><\/p>\n\n\n\n<p>5. Central European Economic Journal (Scopus) <a href=\"https:\/\/ceej.wne.uw.edu.pl\/\">https:\/\/ceej.wne.uw.edu.pl\/<\/a><\/p>\n\n\n\n<p>Artyku\u0142y powinny by\u0107 przygotowane zgodnie z wymaganiami poszczeg\u00f3lnych czasopism. Wybrane teksty przejd\u0105 proces recenzji zgodnie ze standardami redakcji czasopism. Decyzj\u0119 o zakwalifikowaniu artyku\u0142\u00f3w do poszczeg\u00f3lnych czasopism podejmuj\u0105 ich redakcje. Op\u0142ata konferencyjna nie obejmuje ewentualnych koszt\u00f3w publikacji w czasopismach. Ponadto organizatorzy konferencji nie gwarantuj\u0105 publikacji artyku\u0142\u00f3w w wymienionych czasopismach naukowych.<\/p>\n","protected":false},"excerpt":{"rendered":"<p>Materia\u0142y konferencyjne ICTM s\u0105 indeksowane w bazach Web of Science oraz PBN od 2012 roku. Zapraszamy do nadsy\u0142ania prac w dowolnym kierunku mieszcz\u0105cym si\u0119 w spektrum paradygmatu ICTM 2025. Cztery kategorie zg\u0142osze\u0144 to: streszczenia, artyku\u0142y indywidualne, plakaty, e-plakaty. INSTRUKCJE DLA AUTOR\u00d3WNadsy\u0142ane artyku\u0142y powinny by\u0107 napisane w j\u0119zyku angielskim. D\u0142ugo\u015b\u0107 streszcze\u0144 nie mo\u017ce przekracza\u0107 300 s\u0142\u00f3w [&hellip;]<\/p>\n","protected":false},"author":1,"featured_media":0,"parent":0,"menu_order":0,"comment_status":"closed","ping_status":"closed","template":"","meta":{"footnotes":""},"class_list":["post-342","page","type-page","status-publish","hentry"],"_links":{"self":[{"href":"https:\/\/www.ises.pwr.edu.pl\/index.php\/wp-json\/wp\/v2\/pages\/342","targetHints":{"allow":["GET"]}}],"collection":[{"href":"https:\/\/www.ises.pwr.edu.pl\/index.php\/wp-json\/wp\/v2\/pages"}],"about":[{"href":"https:\/\/www.ises.pwr.edu.pl\/index.php\/wp-json\/wp\/v2\/types\/page"}],"author":[{"embeddable":true,"href":"https:\/\/www.ises.pwr.edu.pl\/index.php\/wp-json\/wp\/v2\/users\/1"}],"replies":[{"embeddable":true,"href":"https:\/\/www.ises.pwr.edu.pl\/index.php\/wp-json\/wp\/v2\/comments?post=342"}],"version-history":[{"count":17,"href":"https:\/\/www.ises.pwr.edu.pl\/index.php\/wp-json\/wp\/v2\/pages\/342\/revisions"}],"predecessor-version":[{"id":2528,"href":"https:\/\/www.ises.pwr.edu.pl\/index.php\/wp-json\/wp\/v2\/pages\/342\/revisions\/2528"}],"wp:attachment":[{"href":"https:\/\/www.ises.pwr.edu.pl\/index.php\/wp-json\/wp\/v2\/media?parent=342"}],"curies":[{"name":"wp","href":"https:\/\/api.w.org\/{rel}","templated":true}]}}